{"id":2175,"date":"2021-05-21T14:25:51","date_gmt":"2021-05-21T13:25:51","guid":{"rendered":"https:\/\/bastadhamn.se\/?page_id=2175"},"modified":"2021-06-28T07:24:11","modified_gmt":"2021-06-28T06:24:11","slug":"home","status":"publish","type":"page","link":"https:\/\/bastadhamn.se\/en\/home\/","title":{"rendered":"Home"},"content":{"rendered":"<div class=\"wpb-content-wrapper\"><p>[vc_row css_animation=&#8221;&#8221; row_type=&#8221;row&#8221; use_row_as_full_screen_section=&#8221;yes&#8221; type=&#8221;full_width&#8221; angled_section=&#8221;no&#8221; text_align=&#8221;left&#8221; background_image_as_pattern=&#8221;without_pattern&#8221; z_index=&#8221;&#8221;][vc_column parallax=&#8221;content-moving&#8221; parallax_image=&#8221;1617&#8243; offset=&#8221;vc_hidden-lg vc_hidden-md vc_hidden-sm&#8221;][qode_elements_holder number_of_columns=&#8221;one_column&#8221; alignment_one_column=&#8221;center&#8221;][qode_elements_holder_item advanced_animations=&#8221;no&#8221; item_padding=&#8221;12% 0 18%&#8221;]<div class=\"custom_font_holder \" style=\"font-family: Yellowtail; font-style: normal; font-weight: 400; color: #ffffff; text-decoration: none; text-shadow: 1px 1px 2px rgba(0, 0, 0, 0.4); text-align: center; --qode-cf-font-size: 140px; --qode-cf-line-height: 140px; --qode-cf-font-size-1440: 140px; --qode-cf-line-height-1440: 140px; --qode-cf-font-size-1366: 140px; --qode-cf-line-height-1366: 140px; --qode-cf-font-size-1280: 140px; --qode-cf-line-height-1280: 140px; --qode-cf-font-size-1024: 140px; --qode-cf-line-height-1024: 140px; --qode-cf-font-size-768: 140px; --qode-cf-line-height-768: 140px; --qode-cf-font-size-680: 140px; --qode-cf-line-height-680: 140px; --qode-cf-font-size-480: 140px; --qode-cf-line-height-480: 140px;\">Worth a cruise<\/div>[\/qode_elements_holder_item][\/qode_elements_holder][\/vc_column][\/vc_row][vc_row css_animation=&#8221;&#8221; row_type=&#8221;row&#8221; use_row_as_full_screen_section=&#8221;yes&#8221; type=&#8221;full_width&#8221; angled_section=&#8221;no&#8221; text_align=&#8221;left&#8221; background_image_as_pattern=&#8221;without_pattern&#8221; z_index=&#8221;&#8221;][vc_column parallax=&#8221;content-moving&#8221; parallax_image=&#8221;1617&#8243; offset=&#8221;vc_hidden-xs&#8221;][qode_elements_holder number_of_columns=&#8221;one_column&#8221;][qode_elements_holder_item advanced_animations=&#8221;no&#8221; item_padding=&#8221;6% 0 9%&#8221;]<div class=\"custom_font_holder \" style=\"font-family: Yellowtail; font-style: normal; font-weight: 400; color: #ffffff; text-decoration: none; text-shadow: 1px 1px 2px rgba(0, 0, 0, 0.4); text-align: center; --qode-cf-font-size: 140px; --qode-cf-line-height: 140px; --qode-cf-font-size-1440: 140px; --qode-cf-line-height-1440: 140px; --qode-cf-font-size-1366: 140px; --qode-cf-line-height-1366: 140px; --qode-cf-font-size-1280: 140px; --qode-cf-line-height-1280: 140px; --qode-cf-font-size-1024: 140px; --qode-cf-line-height-1024: 140px; --qode-cf-font-size-768: 140px; --qode-cf-line-height-768: 140px; --qode-cf-font-size-680: 140px; --qode-cf-line-height-680: 140px; --qode-cf-font-size-480: 140px; --qode-cf-line-height-480: 140px;\">Worth a cruise<\/div><div class=\"custom_font_holder \" style=\"font-family: Yellowtail; font-style: normal; font-weight: 400; color: #ffffff; text-decoration: none; text-shadow: 1px 1px 2px rgba(0, 0, 0, 0.4); text-align: center; --qode-cf-font-size: 50px; --qode-cf-line-height: 80px; --qode-cf-font-size-1440: 50px; --qode-cf-line-height-1440: 80px; --qode-cf-font-size-1366: 50px; --qode-cf-line-height-1366: 80px; --qode-cf-font-size-1280: 50px; --qode-cf-line-height-1280: 80px; --qode-cf-font-size-1024: 50px; --qode-cf-line-height-1024: 80px; --qode-cf-font-size-768: 50px; --qode-cf-line-height-768: 80px; --qode-cf-font-size-680: 50px; --qode-cf-line-height-680: 80px; --qode-cf-font-size-480: 50px; --qode-cf-line-height-480: 80px;\">56\u00b026,0&#8217;N \u00a0\u2013 \u00a012\u00b050,6&#8217;E<\/div>[\/qode_elements_holder_item][\/qode_elements_holder][\/vc_column][\/vc_row][vc_row css_animation=&#8221;&#8221; row_type=&#8221;row&#8221; use_row_as_full_screen_section=&#8221;no&#8221; type=&#8221;grid&#8221; angled_section=&#8221;no&#8221; text_align=&#8221;left&#8221; background_image_as_pattern=&#8221;without_pattern&#8221; z_index=&#8221;&#8221; padding_top=&#8221;80&#8243;][vc_column css=&#8221;.vc_custom_1504780128329{padding-right: 0px !important;padding-left: 0px !important;}&#8221;]<div class=\"custom_font_holder \" style=\"font-family: Yellowtail; font-style: normal; font-weight: 400; color: #0066cc; text-decoration: none; text-align: center; --qode-cf-font-size: 85px; --qode-cf-line-height: 85px; --qode-cf-font-size-1440: 85px; --qode-cf-line-height-1440: 85px; --qode-cf-font-size-1366: 85px; --qode-cf-line-height-1366: 85px; --qode-cf-font-size-1280: 85px; --qode-cf-line-height-1280: 85px; --qode-cf-font-size-1024: 85px; --qode-cf-line-height-1024: 85px; --qode-cf-font-size-768: 85px; --qode-cf-line-height-768: 85px; --qode-cf-font-size-680: 85px; --qode-cf-line-height-680: 85px; --qode-cf-font-size-480: 85px; --qode-cf-line-height-480: 85px;\">Welcome to B\u00e5stad Harbor!<\/div>[vc_empty_space height=&#8221;47px&#8221;][vc_row_inner row_type=&#8221;row&#8221; type=&#8221;full_width&#8221; text_align=&#8221;left&#8221; css_animation=&#8221;&#8221;][vc_column_inner width=&#8221;1\/6&#8243;][\/vc_column_inner][vc_column_inner width=&#8221;2\/3&#8243;][vc_column_text]<\/p>\n<h5 style=\"text-align: center;\">B\u00e5stad is a small jewel on the Bj\u00e4re Peninsula, which is located at the top of northwestern Sk\u00e5ne and at the far end of Laholmsbukten. A well-organized guest harbor with a large selection of restaurants and other activities. The guest harbor is a very popular meeting place, where many visitors return year after year. Our port is blue-flagged.<\/h5>\n<p>[\/vc_column_text][\/vc_column_inner][vc_column_inner width=&#8221;1\/6&#8243;][\/vc_column_inner][\/vc_row_inner][vc_empty_space][\/vc_column][\/vc_row][vc_row row_type=&#8221;parallax&#8221; parallax_content_width=&#8221;in_grid&#8221; text_align=&#8221;left&#8221; full_screen_section_height=&#8221;no&#8221; background_image=&#8221;1722&#8243; css=&#8221;.vc_custom_1606128712206{background-color: #161719 !important;}&#8221;][vc_column css=&#8221;.vc_custom_1502971591496{padding-top: 90px !important;padding-bottom: 133px !important;}&#8221;][vc_empty_space height=&#8221;18px&#8221;]<div class=\"custom_font_holder \" style=\"font-family: Yellowtail; font-style: normal; font-weight: 400; color: #ffffff; text-decoration: none; text-align: center; --qode-cf-font-size: 85px; --qode-cf-line-height: 85px; --qode-cf-font-size-1440: 85px; --qode-cf-line-height-1440: 85px; --qode-cf-font-size-1366: 85px; --qode-cf-line-height-1366: 85px; --qode-cf-font-size-1280: 85px; --qode-cf-line-height-1280: 85px; --qode-cf-font-size-1024: 85px; --qode-cf-line-height-1024: 85px; --qode-cf-font-size-768: 85px; --qode-cf-line-height-768: 85px; --qode-cf-font-size-680: 85px; --qode-cf-line-height-680: 85px; --qode-cf-font-size-480: 85px; --qode-cf-line-height-480: 85px;\">B\u00e5stad offers something for everyone<\/div>[vc_empty_space height=&#8221;41px&#8221;][vc_row_inner row_type=&#8221;row&#8221; type=&#8221;full_width&#8221; text_align=&#8221;left&#8221; css_animation=&#8221;&#8221;][vc_column_inner width=&#8221;1\/2&#8243; offset=&#8221;vc_col-lg-3 vc_col-md-3&#8243;]<div class=\"q_counter_holder  center\" style=\"\" data-digit=\"300\"><span class=\"counter  zero\" style=\"color: #ffffff;font-size: 55px;font-weight: 600;\">300<\/span><p class=\"counter_text\" style=\"font-size: 19px;font-weight: 600;text-transform: none;color: #ffffff;\">Moorings<\/p><\/div>[\/vc_column_inner][vc_column_inner width=&#8221;1\/2&#8243; offset=&#8221;vc_col-lg-3 vc_col-md-3&#8243;]<div class=\"q_counter_holder  center\" style=\"\" data-digit=\"30\"><span class=\"counter  zero\" style=\"color: #ffffff;font-size: 55px;font-weight: 600;\">30<\/span><p class=\"counter_text\" style=\"font-size: 19px;font-weight: 600;text-transform: none;color: #ffffff;\">Cafes &amp; restaurants<\/p><\/div>[\/vc_column_inner][vc_column_inner width=&#8221;1\/2&#8243; offset=&#8221;vc_col-lg-3 vc_col-md-3&#8243;]<div class=\"q_counter_holder  center\" style=\"\" data-digit=\"13\"><span class=\"counter  zero\" style=\"color: #ffffff;font-size: 55px;font-weight: 600;\">13<\/span><p class=\"counter_text\" style=\"font-size: 19px;font-weight: 600;text-transform: none;color: #ffffff;\">Tourist attractions<\/p><\/div>[\/vc_column_inner][vc_column_inner width=&#8221;1\/2&#8243; offset=&#8221;vc_col-lg-3 vc_col-md-3&#8243;]<div class=\"q_counter_holder  center\" style=\"\" data-digit=\"30\"><span class=\"counter  zero\" style=\"color: #ffffff;font-size: 55px;font-weight: 600;\">30<\/span><p class=\"counter_text\" style=\"font-size: 19px;font-weight: 600;text-transform: none;color: #ffffff;\">Hotels, guest houses &amp; B&amp;B<\/p><\/div>[\/vc_column_inner][\/vc_row_inner][\/vc_column][\/vc_row][vc_row css_animation=&#8221;&#8221; row_type=&#8221;row&#8221; use_row_as_full_screen_section=&#8221;no&#8221; type=&#8221;full_width&#8221; angled_section=&#8221;no&#8221; text_align=&#8221;center&#8221; background_image_as_pattern=&#8221;without_pattern&#8221; z_index=&#8221;&#8221; padding_top=&#8221;100&#8243; padding_bottom=&#8221;100&#8243; anchor=&#8221;vader&#8221;][vc_column width=&#8221;1\/4&#8243;][\/vc_column][vc_column width=&#8221;1\/2&#8243;][vc_raw_html]JTNDaWZyYW1lJTIwc3JjJTNEJTI3aHR0cHMlM0ElMkYlMkZ4bi0tdmRlcjI0LWJ1YS5zZSUyRmluZGV4LnBocCUyRnZhZGVyLXdpZGdldCUyRiUzRndpZGdldHR5cGUlM0R3aGl0ZSUyNndpZGdldGNpdHklM0RiJUMzJUE1c3RhZCUyNyUyMHRpdGxlJTNEJTI3ViVDMyVBNGRlcndpZGdldCUyNyUyMHN0eWxlJTNEJTI3aGVpZ2h0JTNBMjUwcHglM0IlMjBtaW4td2lkdGglM0EyMTVweCUzQiUyMHdpZHRoJTNBMTAwJTI1JTNCJTIwbWF4LXdpZHRoJTNBMTAwJTI1JTNCJTI3JTIwbmFtZSUzRCUyN3dlYXRoZXJpRnJhbWUlMjclMjBzY3JvbGxpbmclM0QlMjcwJTI3JTIwZnJhbWVib3JkZXIlM0QlMjcwJTI3JTIwJTNFJTNDJTJGaWZyYW1lJTNF[\/vc_raw_html][\/vc_column][vc_column width=&#8221;1\/4&#8243;][\/vc_column][\/vc_row][vc_row css_animation=&#8221;&#8221; row_type=&#8221;row&#8221; use_row_as_full_screen_section=&#8221;no&#8221; type=&#8221;full_width&#8221; angled_section=&#8221;no&#8221; text_align=&#8221;left&#8221; background_image_as_pattern=&#8221;without_pattern&#8221;][vc_column][vc_column_text]<\/p>\n<p>[\/vc_column_text][\/vc_column][\/vc_row][vc_row css_animation=&#8221;&#8221; row_type=&#8221;row&#8221; use_row_as_full_screen_section=&#8221;yes&#8221; type=&#8221;grid&#8221; in_content_menu=&#8221;in_content_menu&#8221; content_menu_icon=&#8221;&#8221; angled_section=&#8221;no&#8221; text_align=&#8221;left&#8221; background_image_as_pattern=&#8221;without_pattern&#8221; z_index=&#8221;&#8221; padding_bottom=&#8221;100&#8243; css=&#8221;.vc_custom_1606380140557{padding-top: 50px !important;padding-bottom: 50px !important;}&#8221; background_color=&#8221;rgba(0,0,0,0.03)&#8221;][vc_column width=&#8221;1\/2&#8243; offset=&#8221;vc_col-lg-3 vc_col-md-3&#8243;][qode_elements_holder number_of_columns=&#8221;one_column&#8221;][qode_elements_holder_item horizontal_alignment=&#8221;center&#8221; advanced_animations=&#8221;no&#8221; item_padding=&#8221;0px 9% 0px 0px&#8221; item_padding_1280_1440=&#8221;0px 9% 0px 0px&#8221; item_padding_1024_1280=&#8221;0px 0px 0px 0px&#8221; item_padding_768_1024=&#8221;0px&#8221; item_padding_600_768=&#8221;0px&#8221; item_padding_480_600=&#8221;0px&#8221; item_padding_480=&#8221;0px&#8221;]<div class='q_icon_with_title tiny normal_icon center '><div class=\"icon_holder \" style=\"margin: 0 0 30px; \"><span data-icon-type=\"normal\" style=\"font-size: 40px\" class=\"qode_iwt_icon_holder q_font_awsome_icon fa-lg  \"><i class=\"qode_icon_font_awesome_5 fa5 fa fa-shower qode_iwt_icon_element\"><\/i><\/span><\/div><div class=\"icon_text_holder\" style=\"\"><div class=\"icon_text_inner\" style=\"\"><h5 class=\"icon_title\" style=\"\">Port service<\/h5><p style=''>Within easy reach you will find a toilet, shower, laundry room with washing machine and dryer.<\/p><\/div><\/div><\/div>[\/qode_elements_holder_item][\/qode_elements_holder][vc_empty_space height=&#8221;30px&#8221;][\/vc_column][vc_column width=&#8221;1\/2&#8243; offset=&#8221;vc_col-lg-3 vc_col-md-3&#8243;][qode_elements_holder number_of_columns=&#8221;one_column&#8221;][qode_elements_holder_item horizontal_alignment=&#8221;center&#8221; advanced_animations=&#8221;no&#8221; item_padding=&#8221;0px 9% 0px 0px&#8221; item_padding_1280_1440=&#8221;0px 9% 0px 0px&#8221; item_padding_1024_1280=&#8221;0px 0px 0px 0px&#8221; item_padding_768_1024=&#8221;0px&#8221; item_padding_600_768=&#8221;0px&#8221; item_padding_480_600=&#8221;0px&#8221; item_padding_480=&#8221;0px&#8221;]<div class='q_icon_with_title tiny normal_icon center '><div class=\"icon_holder \" style=\"margin: 0 0 30px; \"><span data-icon-type=\"normal\" style=\"font-size: 40px\" class=\"qode_iwt_icon_holder q_font_awsome_icon fa-lg  \"><i class=\"qode_icon_font_awesome_5 fa5 fa fa-wifi qode_iwt_icon_element\"><\/i><\/span><\/div><div class=\"icon_text_holder\" style=\"\"><div class=\"icon_text_inner\" style=\"\"><h5 class=\"icon_title\" style=\"\">WiFi<\/h5><p style=''>Free WiFi for all guest boats.<\/p><\/div><\/div><\/div>[\/qode_elements_holder_item][\/qode_elements_holder][vc_empty_space height=&#8221;30px&#8221;][\/vc_column][vc_column width=&#8221;1\/2&#8243; offset=&#8221;vc_col-lg-3 vc_col-md-3&#8243;][qode_elements_holder number_of_columns=&#8221;one_column&#8221;][qode_elements_holder_item horizontal_alignment=&#8221;center&#8221; advanced_animations=&#8221;no&#8221; item_padding=&#8221;0px 9% 0px 0px&#8221; item_padding_1280_1440=&#8221;0px 9% 0px 0px&#8221; item_padding_1024_1280=&#8221;0px 0px 0px 0px&#8221; item_padding_768_1024=&#8221;0px&#8221; item_padding_600_768=&#8221;0px&#8221; item_padding_480_600=&#8221;0px&#8221; item_padding_480=&#8221;0px&#8221;]<div class='q_icon_with_title tiny normal_icon center '><div class=\"icon_holder \" style=\"margin: 0 0 30px; \"><span data-icon-type=\"normal\" style=\"font-size: 40px\" class=\"qode_iwt_icon_holder q_font_awsome_icon fa-lg  \"><i class=\"qode_icon_font_awesome_5 fa5 fa fa-plug qode_iwt_icon_element\"><\/i><\/span><\/div><div class=\"icon_text_holder\" style=\"\"><div class=\"icon_text_inner\" style=\"\"><h5 class=\"icon_title\" style=\"\">Electricity for guest boats<\/h5><p style=''>We have electricity from 10Amp-63Amp.<\/p><\/div><\/div><\/div>[\/qode_elements_holder_item][\/qode_elements_holder][vc_empty_space height=&#8221;30px&#8221;][\/vc_column][vc_column width=&#8221;1\/2&#8243; offset=&#8221;vc_col-lg-3 vc_col-md-3&#8243;][qode_elements_holder number_of_columns=&#8221;one_column&#8221;][qode_elements_holder_item horizontal_alignment=&#8221;center&#8221; advanced_animations=&#8221;no&#8221; item_padding=&#8221;0px 9% 0px 0px&#8221; item_padding_1280_1440=&#8221;0px 9% 0px 0px&#8221; item_padding_1024_1280=&#8221;0px 0px 0px 0px&#8221; item_padding_768_1024=&#8221;0px&#8221; item_padding_600_768=&#8221;0px&#8221; item_padding_480_600=&#8221;0px&#8221; item_padding_480=&#8221;0px&#8221;]<div class='q_icon_with_title tiny normal_icon center '><div class=\"icon_holder \" style=\"margin: 0 0 30px; \"><span data-icon-type=\"normal\" style=\"font-size: 40px\" class=\"qode_iwt_icon_holder q_font_awsome_icon fa-lg  \"><i class=\"qode_icon_font_awesome_5 fa5 fa fa-gas-pump qode_iwt_icon_element\"><\/i><\/span><\/div><div class=\"icon_text_holder\" style=\"\"><div class=\"icon_text_inner\" style=\"\"><h5 class=\"icon_title\" style=\"\">Refuel the boat<\/h5><p style=''>In B\u00e5stad Harbor, you can refuel with both diesel and petrol.<\/p><\/div><\/div><\/div>[\/qode_elements_holder_item][\/qode_elements_holder][vc_empty_space height=&#8221;30px&#8221;][\/vc_column][\/vc_row]<\/p>\n<\/div>","protected":false},"excerpt":{"rendered":"<p>[vc_row css_animation=&#8221;&#8221; row_type=&#8221;row&#8221; use_row_as_full_screen_section=&#8221;yes&#8221; type=&#8221;full_width&#8221; angled_section=&#8221;no&#8221; text_align=&#8221;left&#8221; background_image_as_pattern=&#8221;without_pattern&#8221; z_index=&#8221;&#8221;][vc_column parallax=&#8221;content-moving&#8221; parallax_image=&#8221;1617&#8243; offset=&#8221;vc_hidden-lg vc_hidden-md vc_hidden-sm&#8221;][qode_elements_holder number_of_columns=&#8221;one_column&#8221; alignment_one_column=&#8221;center&#8221;][qode_elements_holder_item advanced_animations=&#8221;no&#8221; item_padding=&#8221;12% 0 18%&#8221;][\/qode_elements_holder_item][\/qode_elements_holder][\/vc_column][\/vc_row][vc_row css_animation=&#8221;&#8221; row_type=&#8221;row&#8221; use_row_as_full_screen_section=&#8221;yes&#8221; type=&#8221;full_width&#8221; angled_section=&#8221;no&#8221; text_align=&#8221;left&#8221; background_image_as_pattern=&#8221;without_pattern&#8221; z_index=&#8221;&#8221;][vc_column parallax=&#8221;content-moving&#8221; parallax_image=&#8221;1617&#8243; offset=&#8221;vc_hidden-xs&#8221;][qode_elements_holder number_of_columns=&#8221;one_column&#8221;][qode_elements_holder_item advanced_animations=&#8221;no&#8221; item_padding=&#8221;6% 0 9%&#8221;][\/qode_elements_holder_item][\/qode_elements_holder][\/vc_column][\/vc_row][vc_row css_animation=&#8221;&#8221; row_type=&#8221;row&#8221; use_row_as_full_screen_section=&#8221;no&#8221; type=&#8221;grid&#8221; angled_section=&#8221;no&#8221; text_align=&#8221;left&#8221; background_image_as_pattern=&#8221;without_pattern&#8221; z_index=&#8221;&#8221; padding_top=&#8221;80&#8243;][vc_column&#8230;<\/p>\n","protected":false},"author":5,"featured_media":0,"parent":0,"menu_order":0,"comment_status":"closed","ping_status":"closed","template":"full_width.php","meta":{"footnotes":""},"class_list":["post-2175","page","type-page","status-publish","hentry"],"_links":{"self":[{"href":"https:\/\/bastadhamn.se\/en\/wp-json\/wp\/v2\/pages\/2175","targetHints":{"allow":["GET"]}}],"collection":[{"href":"https:\/\/bastadhamn.se\/en\/wp-json\/wp\/v2\/pages"}],"about":[{"href":"https:\/\/bastadhamn.se\/en\/wp-json\/wp\/v2\/types\/page"}],"author":[{"embeddable":true,"href":"https:\/\/bastadhamn.se\/en\/wp-json\/wp\/v2\/users\/5"}],"replies":[{"embeddable":true,"href":"https:\/\/bastadhamn.se\/en\/wp-json\/wp\/v2\/comments?post=2175"}],"version-history":[{"count":7,"href":"https:\/\/bastadhamn.se\/en\/wp-json\/wp\/v2\/pages\/2175\/revisions"}],"predecessor-version":[{"id":2208,"href":"https:\/\/bastadhamn.se\/en\/wp-json\/wp\/v2\/pages\/2175\/revisions\/2208"}],"wp:attachment":[{"href":"https:\/\/bastadhamn.se\/en\/wp-json\/wp\/v2\/media?parent=2175"}],"curies":[{"name":"wp","href":"https:\/\/api.w.org\/{rel}","templated":true}]}}